{"id":14,"date":"2020-01-14T19:13:16","date_gmt":"2020-01-14T19:13:16","guid":{"rendered":"http:\/\/jasminincostarica.de\/?page_id=14"},"modified":"2020-03-15T18:54:52","modified_gmt":"2020-03-15T18:54:52","slug":"ueber-mich","status":"publish","type":"page","link":"https:\/\/jasminincostarica.de\/?page_id=14","title":{"rendered":"\u00dcber mich&#8230;"},"content":{"rendered":"\n<p>\u2026 Ich hei\u00dfe\nJasmin und bin 17 Jahre alt.<\/p>\n\n\n\n<p>Ich verbringe mein Auslandsjahr in Costa Rica, dem sch\u00f6nsten Land der Welt mit den gl\u00fccklichsten Menschen der Erde (das stimmt wirklich: Costa Rica wurde nach dem \u201eHappy Planet Index ranking\u201c als das Land mit den gl\u00fccklichsten Menschen bezeichnet). Der Hauptgrund, warum ich nach Costa Rica wollte, ist wohl die unbeschreiblich sch\u00f6ne Natur. Mit elf Jahren war ich bereits vier Wochen hier mit einer Organisation namens CISV in Costa Rica. Ich war gefesselt von der Sch\u00f6nheit des Landes wollte aber noch viel mehr sehen. Deshalb beschloss ich, Costa Rica als das Land f\u00fcr mein Auslandsjahr  auszuw\u00e4hlen.<\/p>\n\n\n\n<p>Urspr\u00fcnglich\nwollte ich mit Ayusa (also einer Organsation die Auslandsjahre\norganisiert) nach Costa Rica gehen. Das ergab sich dann aber alles\nganz anders: \n<\/p>\n\n\n\n<p>Im\nHerbst 2018 machte ich ein Praktikum in einer Forschungssektion im\nSenckenberg (Frankfurt) bei Gunther K\u00f6hler. Er hatte schon oft in\nCosta Rica geforscht und zuf\u00e4llig kannte er eine sehr nette Familie\nmit drei T\u00f6chtern. Er schlug mir vor mein Auslandsjahr nicht \u00fcber\neine Organisation zu machen, sondern stattdessen es privat zu\norganisieren und zu dieser Familie, die er schon kannte, zu gehen.<\/p>\n\n\n\n<p>Jetzt\nbin ich bei genau dieser Familie. Alle sind sehr nett! Wir wohnen\nmitten in der Natur. Nicht weit entfernt ist der Nebelwald.<\/p>\n\n\n\n<p>Wen es interessiert, wie es hier so aussieht kann sich gerne das Werbevideo f\u00fcr das Restaurant und die Albergue meiner Gasteltern anschauen: https:\/\/www.youtube.com\/watch?v=P6edDREMdDw<\/p>\n\n\n\n<p>Unter\nder Woche gehe ich zur Schule. Dort gef\u00e4llt es mir auch gut. Die\nSchule hier ist ganz anders als deutsche Schulen, nicht nur vom\nKonzept, sondern auch weil hier ganz andere Inhalte unterrichtet\nwerden und ich sogar F\u00e4cher habe, die in Deutschland nicht\nexistieren.<\/p>\n\n\n\n<p>Ich\nhoffe, dass ich weiterhin ganz viel Sch\u00f6nes erlebe und ich halte\neuch \u00fcber den Blog auf dem Laufenden.<\/p>\n","protected":false},"excerpt":{"rendered":"<p>\u2026 Ich hei\u00dfe Jasmin und bin 17 Jahre alt. Ich verbringe mein Auslandsjahr in Costa Rica, dem sch\u00f6nsten Land der Welt mit den gl\u00fccklichsten Menschen der Erde (das stimmt wirklich: Costa Rica wurde nach dem \u201eHappy Planet Index ranking\u201c als das Land mit den gl\u00fccklichsten Menschen bezeichnet). Der Hauptgrund, warum ich nach Costa Rica wollte, &hellip; <\/p>\n<p class=\"link-more\"><a href=\"https:\/\/jasminincostarica.de\/?page_id=14\" class=\"more-link\"><span class=\"screen-reader-text\">\u201e\u00dcber mich&#8230;\u201c <\/span>weiterlesen<\/a><\/p>\n","protected":false},"author":1,"featured_media":0,"parent":2,"menu_order":0,"comment_status":"closed","ping_status":"closed","template":"","meta":{"footnotes":""},"class_list":["post-14","page","type-page","status-publish","hentry"],"_links":{"self":[{"href":"https:\/\/jasminincostarica.de\/index.php?rest_route=\/wp\/v2\/pages\/14","targetHints":{"allow":["GET"]}}],"collection":[{"href":"https:\/\/jasminincostarica.de\/index.php?rest_route=\/wp\/v2\/pages"}],"about":[{"href":"https:\/\/jasminincostarica.de\/index.php?rest_route=\/wp\/v2\/types\/page"}],"author":[{"embeddable":true,"href":"https:\/\/jasminincostarica.de\/index.php?rest_route=\/wp\/v2\/users\/1"}],"replies":[{"embeddable":true,"href":"https:\/\/jasminincostarica.de\/index.php?rest_route=%2Fwp%2Fv2%2Fcomments&post=14"}],"version-history":[{"count":3,"href":"https:\/\/jasminincostarica.de\/index.php?rest_route=\/wp\/v2\/pages\/14\/revisions"}],"predecessor-version":[{"id":128,"href":"https:\/\/jasminincostarica.de\/index.php?rest_route=\/wp\/v2\/pages\/14\/revisions\/128"}],"up":[{"embeddable":true,"href":"https:\/\/jasminincostarica.de\/index.php?rest_route=\/wp\/v2\/pages\/2"}],"wp:attachment":[{"href":"https:\/\/jasminincostarica.de\/index.php?rest_route=%2Fwp%2Fv2%2Fmedia&parent=14"}],"curies":[{"name":"wp","href":"https:\/\/api.w.org\/{rel}","templated":true}]}}