{"id":25,"date":"2020-01-14T19:34:42","date_gmt":"2020-01-14T19:34:42","guid":{"rendered":"http:\/\/jasminincostarica.de\/?page_id=25"},"modified":"2022-01-12T15:37:46","modified_gmt":"2022-01-12T15:37:46","slug":"datenschutzerklaerung","status":"publish","type":"page","link":"https:\/\/jasminincostarica.de\/?page_id=25","title":{"rendered":"Datenschutzerkl\u00e4rung"},"content":{"rendered":"\n<p><strong>Datenschutzerkl\u00e4rung<\/strong><strong><\/strong><\/p>\n\n\n\n<p>Die nachfolgende Datenschutzerkl\u00e4rung gilt f\u00fcr die Nutzung unseres Online-Angebots <em>jasminincostarica.de  <\/em>(nachfolgend \u201eWebsite\u201c).<\/p>\n\n\n\n<p>Wir messen dem Datenschutz gro\u00dfe Bedeutung\nbei. Die Erhebung und Verarbeitung Ihrer personenbezogenen Daten geschieht\nunter Beachtung der geltenden datenschutzrechtlichen Vorschriften, insbesondere\nder Datenschutzgrundverordnung (DSGVO).<\/p>\n\n\n\n<h1 class=\"wp-block-heading\"><a>1&nbsp;&nbsp;&nbsp;&nbsp;&nbsp;&nbsp;&nbsp;\nVerantwortliche<\/a>r<\/h1>\n\n\n\n<p>Verantwortlicher f\u00fcr die Erhebung, Verarbeitung und Nutzung Ihrer personenbezogenen Daten im\nSinne von Art. 4 Nr. 7 DSGVO ist<\/p>\n\n\n\n<p>Michael Kreutzer, Neutsch 19, 64397 Modautal, MichaelKreutzer(at)web.de<\/p>\n\n\n\n<p>Sofern Sie der Erhebung, Verarbeitung oder\nNutzung Ihrer Daten durch uns nach Ma\u00dfgabe dieser Datenschutzbestimmungen\ninsgesamt oder f\u00fcr einzelne Ma\u00dfnahmen widersprechen wollen, k\u00f6nnen Sie Ihren\nWiderspruch an den Verantwortlichen\nrichten.<\/p>\n\n\n\n<p>Sie k\u00f6nnen diese Datenschutzerkl\u00e4rung\njederzeit speichern und ausdrucken.<\/p>\n\n\n\n<h1 class=\"wp-block-heading\">2&nbsp;&nbsp;&nbsp;&nbsp;&nbsp;&nbsp;&nbsp;\nAllgemeine Zwecke der Verarbeitung<\/h1>\n\n\n\n<p>Wir verwenden personenbezogene Daten zum Zweck des Betriebs der Website verwenden.<\/p>\n\n\n\n<h1 class=\"wp-block-heading\">3&nbsp;&nbsp;&nbsp;&nbsp;&nbsp;&nbsp;&nbsp;\nWelche Daten wir verwenden und warum<\/h1>\n\n\n\n<p><\/p>\n\n\n\n<h2 class=\"wp-block-heading\">3.1&nbsp;&nbsp;&nbsp;&nbsp;&nbsp;&nbsp; Zugriffsdaten<\/h2>\n\n\n\n<p>Wir sammeln Informationen \u00fcber Sie, wenn Sie\ndiese Website nutzen. Wir erfassen automatisch Informationen \u00fcber Ihr\nNutzungsverhalten und Ihre Interaktion mit uns und registrieren Daten zu Ihrem Computer oder\nMobilger\u00e4t. Wir erheben, speichern und nutzen Daten \u00fcber jeden Zugriff auf unsere Website\n(sogenannte Serverlogfiles). Zu den Zugriffsdaten geh\u00f6ren:<\/p>\n\n\n\n<ul class=\"wp-block-list\"><li>Name und URL der abgerufenen Datei<\/li><li>Datum und Uhrzeit des Abrufs<\/li><li>\u00fcbertragene Datenmenge<\/li><li>Meldung \u00fcber erfolgreichen Abruf\n(HTTP response code)<\/li><li>Browsertyp und Browserversion<\/li><li>Betriebssystem<\/li><li>Referer URL (d.h. die zuvor besuchte\nSeite)<\/li><li>Websites, die vom System des\nNutzers \u00fcber unsere Website aufgerufen werden<\/li><li>Internet-Service-Provider des\nNutzers<\/li><li>IP-Adresse und der anfragende\nProvider<\/li><\/ul>\n\n\n\n<p>Wir nutzen diese Protokolldaten ohne Zuordnung zu Ihrer Person oder sonstiger Profilerstellung f\u00fcr statistische Auswertungen zum Zweck des Betriebs, der Sicherheit und der Optimierung unserer Website, aber auch zur anonymen Erfassung der Anzahl der Besucher auf unserer Website (traffic) sowie zum Umfang und zur Art der Nutzung unserer Website und Dienste. Aufgrund dieser Informationen k\u00f6nnen wir personalisierte und standortbezogene Inhalte zur Verf\u00fcgung stellen und den Datenverkehr analysieren, Fehler suchen und beheben und unsere Dienste verbessern.<\/p>\n\n\n\n<p>Hierin liegt auch unser\nberechtigtes Interesse gem\u00e4\u00df Art 6 Abs. 1 S. 1 f) DSGVO.<\/p>\n\n\n\n<p>Wir behalten uns vor, die Protokolldaten nachtr\u00e4glich zu \u00fcberpr\u00fcfen, wenn aufgrund konkreter Anhaltspunkte der berechtigte Verdacht einer rechtswidrigen Nutzung besteht. IP-Adressen speichern wir f\u00fcr einen begrenzten Zeitraum in den Logfiles, wenn dies f\u00fcr Sicherheitszwecke erforderlich oder f\u00fcr die Leistungserbringung n\u00f6tig ist. Nach Abbruch des Vorgangs l\u00f6schen wir die IP-Adresse, wenn diese f\u00fcr Sicherheitszwecke nicht mehr erforderlich ist. IP-Adressen speichern wir auch dann, wenn wir den konkreten Verdacht einer Straftat im Zusammenhang mit der Nutzung unserer Website haben. Au\u00dferdem speichern wir als Teil Ihres Accounts das Datum Ihres letzten Besuchs (z.B. bei Registrierung, Login, Klicken von Links etc.).<\/p>\n\n\n\n<h2 class=\"wp-block-heading\">3.2&nbsp;&nbsp;&nbsp;&nbsp;&nbsp;&nbsp; E-Mail Kontakt<\/h2>\n\n\n\n<p><a>Wenn Sie mit uns in\nKontakt treten (z. B. per Kontaktformular oder E-Mail), <\/a>verarbeiten\nwir Ihre Angaben zur Bearbeitung der Anfrage sowie f\u00fcr den\nFall, dass Anschlussfragen entstehen. <\/p>\n\n\n\n<p>Erfolgt die Datenverarbeitung zur Durchf\u00fchrung vorvertraglicher Ma\u00dfnahmen, die auf Ihre Anfrage hin\nerfolgen, bzw., wenn Sie bereits unser Kunde sind, zur Durchf\u00fchrung des Vertrages, ist Rechtsgrundlage\nf\u00fcr diese Datenverarbeitung Art. 6 Abs. 1 S. 1 b) DSGVO.<\/p>\n\n\n\n<p>Weitere\npersonenbezogene Daten verarbeiten wir nur, wenn Sie\ndazu einwilligen (Art. 6 Abs. 1 S. 1 a) DSGVO) oder wir ein berechtigtes Interesse an der Verarbeitung\nIhrer Daten haben (Art. 6 Abs. 1 S. 1 f) DSGVO). Ein berechtigtes Interesse liegt z. B. darin, auf\nIhre E-Mail zu antworten.<\/p>\n\n\n\n<h1 class=\"wp-block-heading\">4&nbsp;&nbsp;&nbsp;&nbsp;&nbsp;&nbsp;&nbsp; Speicherdauer<\/h1>\n\n\n\n<p>Sofern nicht spezifisch\nangegeben speichern wir personenbezogene Daten nur so lange, wie dies zur\nErf\u00fcllung der verfolgten Zwecke notwendig ist.<\/p>\n\n\n\n<p>In einigen F\u00e4llen sieht der Gesetzgeber die\nAufbewahrung von personenbezogenen Daten vor, etwa im Steuer- oder Handelsrecht. In diesen F\u00e4llen werden\ndie Daten von uns lediglich f\u00fcr diese gesetzlichen Zwecke weiter gespeichert, aber nicht anderweitig\nverarbeitet und nach Ablauf der gesetzlichen Aufbewahrungsfrist gel\u00f6scht.&nbsp; <\/p>\n\n\n\n<h1 class=\"wp-block-heading\">5&nbsp;&nbsp;&nbsp;&nbsp;&nbsp;&nbsp;&nbsp; Ihre Rechte als von der Datenverarbeitung Betroffener<\/h1>\n\n\n\n<p>Nach den anwendbaren\nGesetzen haben Sie verschiedene Rechte bez\u00fcglich Ihrer personenbezogenen Daten.\nM\u00f6chten Sie diese Rechte geltend machen, so richten Sie\nIhre Anfrage bitte per E-Mail oder per Post unter eindeutiger Identifizierung\nIhrer Person an die in Ziffer 1 genannte Adresse.<\/p>\n\n\n\n<p>Nachfolgend finden Sie\neine \u00dcbersicht \u00fcber Ihre Rechte.<\/p>\n\n\n\n<h1 class=\"wp-block-heading\">6&nbsp;&nbsp;&nbsp;&nbsp;&nbsp;&nbsp;&nbsp; Datensicherheit<\/h1>\n\n\n\n<p>Wir sind um die Sicherheit Ihrer Daten im\nRahmen der geltenden Datenschutzgesetze und technischen M\u00f6glichkeiten maximal\nbem\u00fcht. <\/p>\n\n\n\n<p>Wir weisen darauf hin, dass die Daten\u00fcbertragung im Internet (z.B. bei der Kommunikation per E-Mail) Sicherheitsl\u00fccken aufweisen kann. Ein l\u00fcckenloser Schutz der Daten vor dem Zugriff durch Dritte ist nicht m\u00f6glich.<\/p>\n\n\n\n<p>Zur Sicherung Ihrer Daten\nunterhalten wir technische und organisatorische Sicherungsma\u00dfnahmen entsprechend\nArt. 32 DSGVO, die wir immer wieder dem Stand der Technik anpassen. <\/p>\n\n\n\n<p>Wir gew\u00e4hrleisten au\u00dferdem nicht, dass unser\nAngebot zu bestimmten Zeiten zur Verf\u00fcgung steht; St\u00f6rungen, Unterbrechungen\noder Ausf\u00e4lle k\u00f6nnen nicht ausgeschlossen werden. Die von uns verwendeten Server\nwerden regelm\u00e4\u00dfig sorgf\u00e4ltig gesichert.<\/p>\n","protected":false},"excerpt":{"rendered":"<p>Datenschutzerkl\u00e4rung Die nachfolgende Datenschutzerkl\u00e4rung gilt f\u00fcr die Nutzung unseres Online-Angebots jasminincostarica.de (nachfolgend \u201eWebsite\u201c). Wir messen dem Datenschutz gro\u00dfe Bedeutung bei. Die Erhebung und Verarbeitung Ihrer personenbezogenen Daten geschieht unter Beachtung der geltenden datenschutzrechtlichen Vorschriften, insbesondere der Datenschutzgrundverordnung (DSGVO). 1&nbsp;&nbsp;&nbsp;&nbsp;&nbsp;&nbsp;&nbsp; Verantwortlicher Verantwortlicher f\u00fcr die Erhebung, Verarbeitung und Nutzung Ihrer personenbezogenen Daten im Sinne von Art. 4 &hellip; <\/p>\n<p class=\"link-more\"><a href=\"https:\/\/jasminincostarica.de\/?page_id=25\" class=\"more-link\"><span class=\"screen-reader-text\">\u201eDatenschutzerkl\u00e4rung\u201c <\/span>weiterlesen<\/a><\/p>\n","protected":false},"author":1,"featured_media":0,"parent":0,"menu_order":0,"comment_status":"closed","ping_status":"closed","template":"","meta":{"footnotes":""},"class_list":["post-25","page","type-page","status-publish","hentry"],"_links":{"self":[{"href":"https:\/\/jasminincostarica.de\/index.php?rest_route=\/wp\/v2\/pages\/25","targetHints":{"allow":["GET"]}}],"collection":[{"href":"https:\/\/jasminincostarica.de\/index.php?rest_route=\/wp\/v2\/pages"}],"about":[{"href":"https:\/\/jasminincostarica.de\/index.php?rest_route=\/wp\/v2\/types\/page"}],"author":[{"embeddable":true,"href":"https:\/\/jasminincostarica.de\/index.php?rest_route=\/wp\/v2\/users\/1"}],"replies":[{"embeddable":true,"href":"https:\/\/jasminincostarica.de\/index.php?rest_route=%2Fwp%2Fv2%2Fcomments&post=25"}],"version-history":[{"count":4,"href":"https:\/\/jasminincostarica.de\/index.php?rest_route=\/wp\/v2\/pages\/25\/revisions"}],"predecessor-version":[{"id":628,"href":"https:\/\/jasminincostarica.de\/index.php?rest_route=\/wp\/v2\/pages\/25\/revisions\/628"}],"wp:attachment":[{"href":"https:\/\/jasminincostarica.de\/index.php?rest_route=%2Fwp%2Fv2%2Fmedia&parent=25"}],"curies":[{"name":"wp","href":"https:\/\/api.w.org\/{rel}","templated":true}]}}